{"id":914,"date":"2023-01-03T16:39:07","date_gmt":"2023-01-03T15:39:07","guid":{"rendered":"https:\/\/fuellab.unimi.it\/news\/"},"modified":"2026-04-20T11:16:06","modified_gmt":"2026-04-20T09:16:06","slug":"news","status":"publish","type":"page","link":"https:\/\/fuellab.unimi.it\/en\/news\/","title":{"rendered":"News"},"content":{"rendered":"<div class=\"article__list\"><article role=\"article\" id=\"post-1542\" class=\"post-1542 post type-post status-publish format-standard has-post-thumbnail hentry category-news-en\">\n    <div class=\"article__inner\">\n                    <figure class=\"article__image\">\n                <a href=\"https:\/\/fuellab.unimi.it\/en\/2026\/04\/20\/the-work-of-bodies-feminism-activism-and-knowledges-of-transformation\/\" title=\"Link to The Work of Bodies. Feminism, Activism and Knowledges of Transformation\">\n                    <img loading=\"lazy\" decoding=\"async\" width=\"360\" height=\"150\" src=\"https:\/\/fuellab.unimi.it\/wp-content\/uploads\/sites\/43\/2026\/04\/Screenshot-2026-04-20-alle-11.09.30-360x150.png\" class=\"attachment-thumbnail size-thumbnail wp-post-image\" alt=\"\" \/>                <\/a>\n            <\/figure>\n                <div class=\"article__content\">\n\n                            <span class=\"article__type\">\n                                                            News                <\/span>\n            \n            \n                        <div class=\"article__title\"><a href=\"https:\/\/fuellab.unimi.it\/en\/2026\/04\/20\/the-work-of-bodies-feminism-activism-and-knowledges-of-transformation\/\">The Work of Bodies. Feminism, Activism and Knowledges of Transformation<\/a><\/div>\n            <p>A public conversation on feminism, embodiment, and the politics of knowledge, bringing together scholars and activists across generations.<\/p>\n            <a class=\"more__link\" href=\"https:\/\/fuellab.unimi.it\/en\/2026\/04\/20\/the-work-of-bodies-feminism-activism-and-knowledges-of-transformation\/\" aria-label=\"Read more\">\n                Read more            <\/a>\n                    <\/div>\n    <\/div>\n<\/article>\n<article role=\"article\" id=\"post-1482\" class=\"post-1482 post type-post status-publish format-standard has-post-thumbnail hentry category-news-en\">\n    <div class=\"article__inner\">\n                    <figure class=\"article__image\">\n                <a href=\"https:\/\/fuellab.unimi.it\/en\/2025\/05\/26\/queer-pedagogies-here-and-now\/\" title=\"Link to Queer pedagogies here and now\">\n                    <img loading=\"lazy\" decoding=\"async\" width=\"360\" height=\"150\" src=\"https:\/\/fuellab.unimi.it\/wp-content\/uploads\/sites\/43\/2025\/05\/queerpedagogy-360x150.jpeg\" class=\"attachment-thumbnail size-thumbnail wp-post-image\" alt=\"\" \/>                <\/a>\n            <\/figure>\n                <div class=\"article__content\">\n\n                            <span class=\"article__type\">\n                                                            News                <\/span>\n            \n            \n                        <div class=\"article__title\"><a href=\"https:\/\/fuellab.unimi.it\/en\/2025\/05\/26\/queer-pedagogies-here-and-now\/\">Queer pedagogies here and now<\/a><\/div>\n            <p>The project intends to strengthen the network of the 4EU+ colleagues working in the field of queer and gender studies around the topic of queer pedagogies.<\/p>\n            <a class=\"more__link\" href=\"https:\/\/fuellab.unimi.it\/en\/2025\/05\/26\/queer-pedagogies-here-and-now\/\" aria-label=\"Read more\">\n                Read more            <\/a>\n                    <\/div>\n    <\/div>\n<\/article>\n<article role=\"article\" id=\"post-1240\" class=\"post-1240 post type-post status-publish format-standard has-post-thumbnail hentry category-news-en\">\n    <div class=\"article__inner\">\n                    <figure class=\"article__image\">\n                <a href=\"https:\/\/fuellab.unimi.it\/en\/2024\/01\/29\/al-ladro-anarchismo-e-filosofia\/\" title=\"Link to Al ladro! Anarchismo e filosofia\">\n                    <img loading=\"lazy\" decoding=\"async\" width=\"360\" height=\"150\" src=\"https:\/\/fuellab.unimi.it\/wp-content\/uploads\/sites\/43\/2024\/01\/cover-Malabou-360x150.jpeg\" class=\"attachment-thumbnail size-thumbnail wp-post-image\" alt=\"\" \/>                <\/a>\n            <\/figure>\n                <div class=\"article__content\">\n\n                            <span class=\"article__type\">\n                                                            News                <\/span>\n            \n            \n                        <div class=\"article__title\"><a href=\"https:\/\/fuellab.unimi.it\/en\/2024\/01\/29\/al-ladro-anarchismo-e-filosofia\/\">Al ladro! Anarchismo e filosofia<\/a><\/div>\n            <p>Catherine Malabou in Milan February 2, 2024 | 5:30 PM &#8211; 7:30 PM Palazzo delle Stelline | Sala Cinema Meeting and debate with Catherine Malabou Tom\u00e1s Ib\u00e1\u00f1ez Salvo Vaccaro Simultaneous...<\/p>\n            <a class=\"more__link\" href=\"https:\/\/fuellab.unimi.it\/en\/2024\/01\/29\/al-ladro-anarchismo-e-filosofia\/\" aria-label=\"Read more\">\n                Read more            <\/a>\n                    <\/div>\n    <\/div>\n<\/article>\n<\/div><div class=\"pagination\">\n\t<ul>\n\t\t            <li><\/li>\t\t\t<\/ul>\n<\/div>\n\n\n\n\n<p><\/p>\n\n\n\n<p><\/p>\n","protected":false},"excerpt":{"rendered":"<p>This section of the site will host news related to the Department Lab&#8217;s scientific and third mission activities.<\/p>\n","protected":false},"author":4,"featured_media":522,"parent":0,"menu_order":0,"comment_status":"closed","ping_status":"closed","template":"","meta":{"_acf_changed":false,"footnotes":""},"class_list":["post-914","page","type-page","status-publish","has-post-thumbnail","hentry"],"acf":[],"yoast_head":"<!-- This site is optimized with the Yoast SEO plugin v23.9 - https:\/\/yoast.com\/wordpress\/plugins\/seo\/ -->\n<title>News - FUEL<\/title>\n<meta name=\"robots\" content=\"index, follow, max-snippet:-1, max-image-preview:large, max-video-preview:-1\" \/>\n<link rel=\"canonical\" href=\"https:\/\/fuellab.unimi.it\/en\/news\/\" \/>\n<meta property=\"og:locale\" content=\"en_US\" \/>\n<meta property=\"og:type\" content=\"article\" \/>\n<meta property=\"og:title\" content=\"News - FUEL\" \/>\n<meta property=\"og:description\" content=\"This section of the site will host news related to the Department Lab&#039;s scientific and third mission activities.\" \/>\n<meta property=\"og:url\" content=\"https:\/\/fuellab.unimi.it\/en\/news\/\" \/>\n<meta property=\"og:site_name\" content=\"FUEL\" \/>\n<meta property=\"article:modified_time\" content=\"2026-04-20T09:16:06+00:00\" \/>\n<meta property=\"og:image\" content=\"https:\/\/fuellab.unimi.it\/wp-content\/uploads\/sites\/43\/2023\/01\/FUEL_NEROsuTRASPARENTE_solo-fiamma_piccolo.jpg\" \/>\n\t<meta property=\"og:image:width\" content=\"700\" \/>\n\t<meta property=\"og:image:height\" content=\"708\" \/>\n\t<meta property=\"og:image:type\" content=\"image\/jpeg\" \/>\n<meta name=\"twitter:card\" content=\"summary_large_image\" \/>\n<meta name=\"twitter:label1\" content=\"Est. reading time\" \/>\n\t<meta name=\"twitter:data1\" content=\"1 minute\" \/>\n<script type=\"application\/ld+json\" class=\"yoast-schema-graph\">{\"@context\":\"https:\/\/schema.org\",\"@graph\":[{\"@type\":\"WebPage\",\"@id\":\"https:\/\/fuellab.unimi.it\/en\/news\/\",\"url\":\"https:\/\/fuellab.unimi.it\/en\/news\/\",\"name\":\"News - FUEL\",\"isPartOf\":{\"@id\":\"https:\/\/fuellab.unimi.it\/#website\"},\"primaryImageOfPage\":{\"@id\":\"https:\/\/fuellab.unimi.it\/en\/news\/#primaryimage\"},\"image\":{\"@id\":\"https:\/\/fuellab.unimi.it\/en\/news\/#primaryimage\"},\"thumbnailUrl\":\"https:\/\/fuellab.unimi.it\/wp-content\/uploads\/sites\/43\/2023\/01\/FUEL_NEROsuTRASPARENTE_solo-fiamma_piccolo.jpg\",\"datePublished\":\"2023-01-03T15:39:07+00:00\",\"dateModified\":\"2026-04-20T09:16:06+00:00\",\"breadcrumb\":{\"@id\":\"https:\/\/fuellab.unimi.it\/en\/news\/#breadcrumb\"},\"inLanguage\":\"en-US\",\"potentialAction\":[{\"@type\":\"ReadAction\",\"target\":[\"https:\/\/fuellab.unimi.it\/en\/news\/\"]}]},{\"@type\":\"ImageObject\",\"inLanguage\":\"en-US\",\"@id\":\"https:\/\/fuellab.unimi.it\/en\/news\/#primaryimage\",\"url\":\"https:\/\/fuellab.unimi.it\/wp-content\/uploads\/sites\/43\/2023\/01\/FUEL_NEROsuTRASPARENTE_solo-fiamma_piccolo.jpg\",\"contentUrl\":\"https:\/\/fuellab.unimi.it\/wp-content\/uploads\/sites\/43\/2023\/01\/FUEL_NEROsuTRASPARENTE_solo-fiamma_piccolo.jpg\",\"width\":700,\"height\":708},{\"@type\":\"BreadcrumbList\",\"@id\":\"https:\/\/fuellab.unimi.it\/en\/news\/#breadcrumb\",\"itemListElement\":[{\"@type\":\"ListItem\",\"position\":1,\"name\":\"Home\",\"item\":\"https:\/\/fuellab.unimi.it\/en\/\"},{\"@type\":\"ListItem\",\"position\":2,\"name\":\"News\"}]},{\"@type\":\"WebSite\",\"@id\":\"https:\/\/fuellab.unimi.it\/#website\",\"url\":\"https:\/\/fuellab.unimi.it\/\",\"name\":\"FUEL\",\"description\":\"Feminist and Queer Philosophy Lab\",\"publisher\":{\"@id\":\"https:\/\/fuellab.unimi.it\/#organization\"},\"potentialAction\":[{\"@type\":\"SearchAction\",\"target\":{\"@type\":\"EntryPoint\",\"urlTemplate\":\"https:\/\/fuellab.unimi.it\/?s={search_term_string}\"},\"query-input\":{\"@type\":\"PropertyValueSpecification\",\"valueRequired\":true,\"valueName\":\"search_term_string\"}}],\"inLanguage\":\"en-US\"},{\"@type\":\"Organization\",\"@id\":\"https:\/\/fuellab.unimi.it\/#organization\",\"name\":\"FUEL\",\"url\":\"https:\/\/fuellab.unimi.it\/\",\"logo\":{\"@type\":\"ImageObject\",\"inLanguage\":\"en-US\",\"@id\":\"https:\/\/fuellab.unimi.it\/#\/schema\/logo\/image\/\",\"url\":\"https:\/\/fuellab.unimi.it\/wp-content\/uploads\/sites\/43\/2023\/01\/cropped-cropped-fiamma-trasparente-bianco.png\",\"contentUrl\":\"https:\/\/fuellab.unimi.it\/wp-content\/uploads\/sites\/43\/2023\/01\/cropped-cropped-fiamma-trasparente-bianco.png\",\"width\":830,\"height\":776,\"caption\":\"FUEL\"},\"image\":{\"@id\":\"https:\/\/fuellab.unimi.it\/#\/schema\/logo\/image\/\"}}]}<\/script>\n<!-- \/ Yoast SEO plugin. -->","yoast_head_json":{"title":"News - FUEL","robots":{"index":"index","follow":"follow","max-snippet":"max-snippet:-1","max-image-preview":"max-image-preview:large","max-video-preview":"max-video-preview:-1"},"canonical":"https:\/\/fuellab.unimi.it\/en\/news\/","og_locale":"en_US","og_type":"article","og_title":"News - FUEL","og_description":"This section of the site will host news related to the Department Lab's scientific and third mission activities.","og_url":"https:\/\/fuellab.unimi.it\/en\/news\/","og_site_name":"FUEL","article_modified_time":"2026-04-20T09:16:06+00:00","og_image":[{"width":700,"height":708,"url":"https:\/\/fuellab.unimi.it\/wp-content\/uploads\/sites\/43\/2023\/01\/FUEL_NEROsuTRASPARENTE_solo-fiamma_piccolo.jpg","type":"image\/jpeg"}],"twitter_card":"summary_large_image","twitter_misc":{"Est. reading time":"1 minute"},"schema":{"@context":"https:\/\/schema.org","@graph":[{"@type":"WebPage","@id":"https:\/\/fuellab.unimi.it\/en\/news\/","url":"https:\/\/fuellab.unimi.it\/en\/news\/","name":"News - FUEL","isPartOf":{"@id":"https:\/\/fuellab.unimi.it\/#website"},"primaryImageOfPage":{"@id":"https:\/\/fuellab.unimi.it\/en\/news\/#primaryimage"},"image":{"@id":"https:\/\/fuellab.unimi.it\/en\/news\/#primaryimage"},"thumbnailUrl":"https:\/\/fuellab.unimi.it\/wp-content\/uploads\/sites\/43\/2023\/01\/FUEL_NEROsuTRASPARENTE_solo-fiamma_piccolo.jpg","datePublished":"2023-01-03T15:39:07+00:00","dateModified":"2026-04-20T09:16:06+00:00","breadcrumb":{"@id":"https:\/\/fuellab.unimi.it\/en\/news\/#breadcrumb"},"inLanguage":"en-US","potentialAction":[{"@type":"ReadAction","target":["https:\/\/fuellab.unimi.it\/en\/news\/"]}]},{"@type":"ImageObject","inLanguage":"en-US","@id":"https:\/\/fuellab.unimi.it\/en\/news\/#primaryimage","url":"https:\/\/fuellab.unimi.it\/wp-content\/uploads\/sites\/43\/2023\/01\/FUEL_NEROsuTRASPARENTE_solo-fiamma_piccolo.jpg","contentUrl":"https:\/\/fuellab.unimi.it\/wp-content\/uploads\/sites\/43\/2023\/01\/FUEL_NEROsuTRASPARENTE_solo-fiamma_piccolo.jpg","width":700,"height":708},{"@type":"BreadcrumbList","@id":"https:\/\/fuellab.unimi.it\/en\/news\/#breadcrumb","itemListElement":[{"@type":"ListItem","position":1,"name":"Home","item":"https:\/\/fuellab.unimi.it\/en\/"},{"@type":"ListItem","position":2,"name":"News"}]},{"@type":"WebSite","@id":"https:\/\/fuellab.unimi.it\/#website","url":"https:\/\/fuellab.unimi.it\/","name":"FUEL","description":"Feminist and Queer Philosophy Lab","publisher":{"@id":"https:\/\/fuellab.unimi.it\/#organization"},"potentialAction":[{"@type":"SearchAction","target":{"@type":"EntryPoint","urlTemplate":"https:\/\/fuellab.unimi.it\/?s={search_term_string}"},"query-input":{"@type":"PropertyValueSpecification","valueRequired":true,"valueName":"search_term_string"}}],"inLanguage":"en-US"},{"@type":"Organization","@id":"https:\/\/fuellab.unimi.it\/#organization","name":"FUEL","url":"https:\/\/fuellab.unimi.it\/","logo":{"@type":"ImageObject","inLanguage":"en-US","@id":"https:\/\/fuellab.unimi.it\/#\/schema\/logo\/image\/","url":"https:\/\/fuellab.unimi.it\/wp-content\/uploads\/sites\/43\/2023\/01\/cropped-cropped-fiamma-trasparente-bianco.png","contentUrl":"https:\/\/fuellab.unimi.it\/wp-content\/uploads\/sites\/43\/2023\/01\/cropped-cropped-fiamma-trasparente-bianco.png","width":830,"height":776,"caption":"FUEL"},"image":{"@id":"https:\/\/fuellab.unimi.it\/#\/schema\/logo\/image\/"}}]}},"_links":{"self":[{"href":"https:\/\/fuellab.unimi.it\/en\/wp-json\/wp\/v2\/pages\/914"}],"collection":[{"href":"https:\/\/fuellab.unimi.it\/en\/wp-json\/wp\/v2\/pages"}],"about":[{"href":"https:\/\/fuellab.unimi.it\/en\/wp-json\/wp\/v2\/types\/page"}],"author":[{"embeddable":true,"href":"https:\/\/fuellab.unimi.it\/en\/wp-json\/wp\/v2\/users\/4"}],"replies":[{"embeddable":true,"href":"https:\/\/fuellab.unimi.it\/en\/wp-json\/wp\/v2\/comments?post=914"}],"version-history":[{"count":5,"href":"https:\/\/fuellab.unimi.it\/en\/wp-json\/wp\/v2\/pages\/914\/revisions"}],"predecessor-version":[{"id":1564,"href":"https:\/\/fuellab.unimi.it\/en\/wp-json\/wp\/v2\/pages\/914\/revisions\/1564"}],"wp:featuredmedia":[{"embeddable":true,"href":"https:\/\/fuellab.unimi.it\/en\/wp-json\/wp\/v2\/media\/522"}],"wp:attachment":[{"href":"https:\/\/fuellab.unimi.it\/en\/wp-json\/wp\/v2\/media?parent=914"}],"curies":[{"name":"wp","href":"https:\/\/api.w.org\/{rel}","templated":true}]}}